{"id":5676,"date":"2021-04-16T07:41:28","date_gmt":"2021-04-16T07:41:28","guid":{"rendered":"https:\/\/lessebohandpappersbruk.se\/?post_type=product&#038;p=5676"},"modified":"2025-10-28T14:36:16","modified_gmt":"2025-10-28T14:36:16","slug":"linnepapper","status":"publish","type":"product","link":"https:\/\/lessebohandpappersbruk.se\/en\/product\/linnepapper\/","title":{"rendered":"Linn\u00e9papper"},"content":{"rendered":"","protected":false},"excerpt":{"rendered":"<p>Varje ark av v\u00e5rt linn\u00e9papper \u00e4r unikt i sitt uttryck med v\u00e4xtdelar plockade i Lessebo. Pappret l\u00e4mpar sig f\u00f6r mappar, kort, lampsk\u00e4rmar eller annat skapande.<\/p>\n<p>F\u00f6r att handla &#8211; maila in din order till <a href=\"mailto:info@lessebohandpappersbruk.se\">info@lessebohandpappersbruk.se\u00a0<\/a><\/p>\n","protected":false},"featured_media":6499,"template":"","meta":[],"product_brand":[],"product_cat":[177,407],"product_tag":[],"class_list":{"0":"post-5676","1":"product","2":"type-product","3":"status-publish","4":"has-post-thumbnail","6":"product_cat-stationary","7":"product_cat-stationary-en","9":"first","10":"instock","11":"taxable","12":"shipping-taxable","13":"purchasable","14":"product-type-variable"},"yoast_head":"<!-- This site is optimized with the Yoast SEO plugin v27.2 - https:\/\/yoast.com\/product\/yoast-seo-wordpress\/ -->\n<title>Linn\u00e9papper - Lessebo handpappersbruk<\/title>\n<meta name=\"robots\" content=\"index, follow, max-snippet:-1, max-image-preview:large, max-video-preview:-1\" \/>\n<link rel=\"canonical\" href=\"https:\/\/lessebohandpappersbruk.se\/en\/product\/linnepapper\/\" \/>\n<meta property=\"og:locale\" content=\"en_US\" \/>\n<meta property=\"og:type\" content=\"article\" \/>\n<meta property=\"og:title\" content=\"Linn\u00e9papper - Lessebo handpappersbruk\" \/>\n<meta property=\"og:description\" content=\"Varje ark av v\u00e5rt linn\u00e9papper \u00e4r unikt i sitt uttryck med v\u00e4xtdelar plockade i Lessebo. Pappret l\u00e4mpar sig f\u00f6r mappar, kort, lampsk\u00e4rmar eller annat skapande.  F\u00f6r att handla - maila in din order till info@lessebohandpappersbruk.se\u00a0\" \/>\n<meta property=\"og:url\" content=\"https:\/\/lessebohandpappersbruk.se\/en\/product\/linnepapper\/\" \/>\n<meta property=\"og:site_name\" content=\"Lessebo handpappersbruk\" \/>\n<meta property=\"article:modified_time\" content=\"2025-10-28T14:36:16+00:00\" \/>\n<meta property=\"og:image\" content=\"https:\/\/lessebohandpappersbruk.se\/wp-content\/uploads\/RKarlund-083824-scaled.jpg\" \/>\n\t<meta property=\"og:image:width\" content=\"2000\" \/>\n\t<meta property=\"og:image:height\" content=\"2500\" \/>\n\t<meta property=\"og:image:type\" content=\"image\/jpeg\" \/>\n<meta name=\"twitter:card\" content=\"summary_large_image\" \/>\n<meta name=\"twitter:label1\" content=\"Est. reading time\" \/>\n\t<meta name=\"twitter:data1\" content=\"1 minute\" \/>\n<script type=\"application\/ld+json\" class=\"yoast-schema-graph\">{\"@context\":\"https:\/\/schema.org\",\"@graph\":[{\"@type\":\"WebPage\",\"@id\":\"https:\/\/lessebohandpappersbruk.se\/en\/product\/linnepapper\/\",\"url\":\"https:\/\/lessebohandpappersbruk.se\/en\/product\/linnepapper\/\",\"name\":\"Linn\u00e9papper - Lessebo handpappersbruk\",\"isPartOf\":{\"@id\":\"https:\/\/lessebohandpappersbruk.se\/en\/#website\"},\"primaryImageOfPage\":{\"@id\":\"https:\/\/lessebohandpappersbruk.se\/en\/product\/linnepapper\/#primaryimage\"},\"image\":{\"@id\":\"https:\/\/lessebohandpappersbruk.se\/en\/product\/linnepapper\/#primaryimage\"},\"thumbnailUrl\":\"https:\/\/lessebohandpappersbruk.se\/wp-content\/uploads\/RKarlund-083824-scaled.jpg\",\"datePublished\":\"2021-04-16T07:41:28+00:00\",\"dateModified\":\"2025-10-28T14:36:16+00:00\",\"breadcrumb\":{\"@id\":\"https:\/\/lessebohandpappersbruk.se\/en\/product\/linnepapper\/#breadcrumb\"},\"inLanguage\":\"en-US\",\"potentialAction\":[{\"@type\":\"ReadAction\",\"target\":[\"https:\/\/lessebohandpappersbruk.se\/en\/product\/linnepapper\/\"]}]},{\"@type\":\"ImageObject\",\"inLanguage\":\"en-US\",\"@id\":\"https:\/\/lessebohandpappersbruk.se\/en\/product\/linnepapper\/#primaryimage\",\"url\":\"https:\/\/lessebohandpappersbruk.se\/wp-content\/uploads\/RKarlund-083824-scaled.jpg\",\"contentUrl\":\"https:\/\/lessebohandpappersbruk.se\/wp-content\/uploads\/RKarlund-083824-scaled.jpg\",\"width\":2000,\"height\":2500,\"caption\":\"Linn\u00e9papper-botanical paper\"},{\"@type\":\"BreadcrumbList\",\"@id\":\"https:\/\/lessebohandpappersbruk.se\/en\/product\/linnepapper\/#breadcrumb\",\"itemListElement\":[{\"@type\":\"ListItem\",\"position\":1,\"name\":\"Hem\",\"item\":\"https:\/\/lessebohandpappersbruk.se\/en\/\"},{\"@type\":\"ListItem\",\"position\":2,\"name\":\"Products\",\"item\":\"https:\/\/lessebohandpappersbruk.se\/en\/products\/\"},{\"@type\":\"ListItem\",\"position\":3,\"name\":\"Linn\u00e9papper\"}]},{\"@type\":\"WebSite\",\"@id\":\"https:\/\/lessebohandpappersbruk.se\/en\/#website\",\"url\":\"https:\/\/lessebohandpappersbruk.se\/en\/\",\"name\":\"Lessebo handpappersbruk\",\"description\":\"\",\"potentialAction\":[{\"@type\":\"SearchAction\",\"target\":{\"@type\":\"EntryPoint\",\"urlTemplate\":\"https:\/\/lessebohandpappersbruk.se\/en\/?s={search_term_string}\"},\"query-input\":{\"@type\":\"PropertyValueSpecification\",\"valueRequired\":true,\"valueName\":\"search_term_string\"}}],\"inLanguage\":\"en-US\"}]}<\/script>\n<!-- \/ Yoast SEO plugin. -->","yoast_head_json":{"title":"Linn\u00e9papper - Lessebo handpappersbruk","robots":{"index":"index","follow":"follow","max-snippet":"max-snippet:-1","max-image-preview":"max-image-preview:large","max-video-preview":"max-video-preview:-1"},"canonical":"https:\/\/lessebohandpappersbruk.se\/en\/product\/linnepapper\/","og_locale":"en_US","og_type":"article","og_title":"Linn\u00e9papper - Lessebo handpappersbruk","og_description":"Varje ark av v\u00e5rt linn\u00e9papper \u00e4r unikt i sitt uttryck med v\u00e4xtdelar plockade i Lessebo. Pappret l\u00e4mpar sig f\u00f6r mappar, kort, lampsk\u00e4rmar eller annat skapande.  F\u00f6r att handla - maila in din order till info@lessebohandpappersbruk.se\u00a0","og_url":"https:\/\/lessebohandpappersbruk.se\/en\/product\/linnepapper\/","og_site_name":"Lessebo handpappersbruk","article_modified_time":"2025-10-28T14:36:16+00:00","og_image":[{"width":2000,"height":2500,"url":"https:\/\/lessebohandpappersbruk.se\/wp-content\/uploads\/RKarlund-083824-scaled.jpg","type":"image\/jpeg"}],"twitter_card":"summary_large_image","twitter_misc":{"Est. reading time":"1 minute"},"schema":{"@context":"https:\/\/schema.org","@graph":[{"@type":"WebPage","@id":"https:\/\/lessebohandpappersbruk.se\/en\/product\/linnepapper\/","url":"https:\/\/lessebohandpappersbruk.se\/en\/product\/linnepapper\/","name":"Linn\u00e9papper - Lessebo handpappersbruk","isPartOf":{"@id":"https:\/\/lessebohandpappersbruk.se\/en\/#website"},"primaryImageOfPage":{"@id":"https:\/\/lessebohandpappersbruk.se\/en\/product\/linnepapper\/#primaryimage"},"image":{"@id":"https:\/\/lessebohandpappersbruk.se\/en\/product\/linnepapper\/#primaryimage"},"thumbnailUrl":"https:\/\/lessebohandpappersbruk.se\/wp-content\/uploads\/RKarlund-083824-scaled.jpg","datePublished":"2021-04-16T07:41:28+00:00","dateModified":"2025-10-28T14:36:16+00:00","breadcrumb":{"@id":"https:\/\/lessebohandpappersbruk.se\/en\/product\/linnepapper\/#breadcrumb"},"inLanguage":"en-US","potentialAction":[{"@type":"ReadAction","target":["https:\/\/lessebohandpappersbruk.se\/en\/product\/linnepapper\/"]}]},{"@type":"ImageObject","inLanguage":"en-US","@id":"https:\/\/lessebohandpappersbruk.se\/en\/product\/linnepapper\/#primaryimage","url":"https:\/\/lessebohandpappersbruk.se\/wp-content\/uploads\/RKarlund-083824-scaled.jpg","contentUrl":"https:\/\/lessebohandpappersbruk.se\/wp-content\/uploads\/RKarlund-083824-scaled.jpg","width":2000,"height":2500,"caption":"Linn\u00e9papper-botanical paper"},{"@type":"BreadcrumbList","@id":"https:\/\/lessebohandpappersbruk.se\/en\/product\/linnepapper\/#breadcrumb","itemListElement":[{"@type":"ListItem","position":1,"name":"Hem","item":"https:\/\/lessebohandpappersbruk.se\/en\/"},{"@type":"ListItem","position":2,"name":"Products","item":"https:\/\/lessebohandpappersbruk.se\/en\/products\/"},{"@type":"ListItem","position":3,"name":"Linn\u00e9papper"}]},{"@type":"WebSite","@id":"https:\/\/lessebohandpappersbruk.se\/en\/#website","url":"https:\/\/lessebohandpappersbruk.se\/en\/","name":"Lessebo handpappersbruk","description":"","potentialAction":[{"@type":"SearchAction","target":{"@type":"EntryPoint","urlTemplate":"https:\/\/lessebohandpappersbruk.se\/en\/?s={search_term_string}"},"query-input":{"@type":"PropertyValueSpecification","valueRequired":true,"valueName":"search_term_string"}}],"inLanguage":"en-US"}]}},"_links":{"self":[{"href":"https:\/\/lessebohandpappersbruk.se\/en\/wp-json\/wp\/v2\/product\/5676","targetHints":{"allow":["GET"]}}],"collection":[{"href":"https:\/\/lessebohandpappersbruk.se\/en\/wp-json\/wp\/v2\/product"}],"about":[{"href":"https:\/\/lessebohandpappersbruk.se\/en\/wp-json\/wp\/v2\/types\/product"}],"wp:featuredmedia":[{"embeddable":true,"href":"https:\/\/lessebohandpappersbruk.se\/en\/wp-json\/wp\/v2\/media\/6499"}],"wp:attachment":[{"href":"https:\/\/lessebohandpappersbruk.se\/en\/wp-json\/wp\/v2\/media?parent=5676"}],"wp:term":[{"taxonomy":"product_brand","embeddable":true,"href":"https:\/\/lessebohandpappersbruk.se\/en\/wp-json\/wp\/v2\/product_brand?post=5676"},{"taxonomy":"product_cat","embeddable":true,"href":"https:\/\/lessebohandpappersbruk.se\/en\/wp-json\/wp\/v2\/product_cat?post=5676"},{"taxonomy":"product_tag","embeddable":true,"href":"https:\/\/lessebohandpappersbruk.se\/en\/wp-json\/wp\/v2\/product_tag?post=5676"}],"curies":[{"name":"wp","href":"https:\/\/api.w.org\/{rel}","templated":true}]}}